{"id":30,"date":"2021-10-12T23:03:08","date_gmt":"2021-10-12T23:03:08","guid":{"rendered":"http:\/\/helu.com.mx\/?page_id=30"},"modified":"2021-11-25T01:54:18","modified_gmt":"2021-11-25T01:54:18","slug":"directora-comercial-retail","status":"publish","type":"page","link":"https:\/\/helu.com.mx\/index.php\/directora-comercial-retail\/","title":{"rendered":"Directora Comercial de Retail"},"content":{"rendered":"<p>[et_pb_section fb_built=&#8221;1&#8243; admin_label=&#8221;Video Title Section&#8221; _builder_version=&#8221;4.6.5&#8243; background_color=&#8221;#ee8a1e&#8221; custom_margin=&#8221;||-1px|||&#8221; custom_padding=&#8221;3px|0px|0px|0px||&#8221; saved_tabs=&#8221;all&#8221;][et_pb_row admin_label=&#8221;Video Row&#8221; _builder_version=&#8221;3.25&#8243; custom_padding=&#8221;||0px|||&#8221;][et_pb_column type=&#8221;4_4&#8243; _builder_version=&#8221;3.25&#8243; custom_padding=&#8221;|||&#8221; custom_padding__hover=&#8221;|||&#8221;][et_pb_text admin_label=&#8221;Tittle&#8221; _builder_version=&#8221;3.27.4&#8243; header_2_font=&#8221;Oswald|||on|||||&#8221; header_2_text_align=&#8221;center&#8221; header_2_font_size=&#8221;40px&#8221; header_2_letter_spacing=&#8221;2px&#8221; header_2_line_height=&#8221;1.5em&#8221; background_layout=&#8221;dark&#8221; max_width=&#8221;600px&#8221; module_alignment=&#8221;center&#8221; inline_fonts=&#8221;Nunito&#8221;]<\/p>\n<h2><strong style=\"font-size: 40px;\"><span style=\"font-family: Nunito;\">Directora Comercial retail<\/span><\/strong><\/h2>\n<p>[\/et_pb_text][et_pb_text disabled_on=&#8221;off|off|off&#8221; admin_label=&#8221;texts&#8221; _builder_version=&#8221;3.27.4&#8243; text_font=&#8221;Nunito||||||||&#8221; text_text_color=&#8221;#ffffff&#8221; text_font_size=&#8221;18px&#8221; text_line_height=&#8221;1.8em&#8221; header_font=&#8221;Oswald||||&#8221; header_font_size=&#8221;16px&#8221; header_letter_spacing=&#8221;2px&#8221; header_line_height=&#8221;1.7em&#8221; text_orientation=&#8221;center&#8221; max_width=&#8221;600px&#8221; max_width_tablet=&#8221;&#8221; max_width_phone=&#8221;&#8221; max_width_last_edited=&#8221;on|phone&#8221; module_alignment=&#8221;center&#8221; custom_margin=&#8221;-30px|||&#8221;][\/et_pb_text][\/et_pb_column][\/et_pb_row][\/et_pb_section][et_pb_section fb_built=&#8221;1&#8243; admin_label=&#8221;Great Coffee&#8221; _builder_version=&#8221;4.6.5&#8243; background_color=&#8221;#ffffff&#8221; background_image=&#8221;http:\/\/helu.com.mx\/wp-content\/uploads\/2021\/11\/directora-ejecutiva.png&#8221; custom_margin=&#8221;|||&#8221; custom_padding=&#8221;3%|0px|0.1%|0px||&#8221;][et_pb_row column_structure=&#8221;1_2,1_2&#8243; module_class=&#8221; et_pb_row_fullwidth&#8221; _builder_version=&#8221;4.6.5&#8243; width=&#8221;89%&#8221; width_tablet=&#8221;80%&#8221; width_phone=&#8221;&#8221; width_last_edited=&#8221;on|desktop&#8221; max_width=&#8221;89%&#8221; max_width_tablet=&#8221;80%&#8221; max_width_phone=&#8221;&#8221; max_width_last_edited=&#8221;on|desktop&#8221; custom_padding=&#8221;||0px|||&#8221; make_fullwidth=&#8221;on&#8221;][et_pb_column type=&#8221;1_2&#8243; _builder_version=&#8221;3.25&#8243; custom_padding=&#8221;|||&#8221; custom_padding__hover=&#8221;|||&#8221;][\/et_pb_column][et_pb_column type=&#8221;1_2&#8243; _builder_version=&#8221;3.25&#8243; custom_padding=&#8221;|||&#8221; custom_padding__hover=&#8221;|||&#8221;][et_pb_text admin_label=&#8221;Tittle&#8221; _builder_version=&#8221;4.6.5&#8243; text_font=&#8221;Nunito||||||||&#8221; text_font_size=&#8221;18px&#8221; text_line_height=&#8221;1.8em&#8221; header_text_align=&#8221;center&#8221; header_3_font=&#8221;Oswald|||on|||||&#8221; header_3_font_size=&#8221;42px&#8221; header_3_letter_spacing=&#8221;2px&#8221; header_3_line_height=&#8221;1.5em&#8221; max_width=&#8221;600px&#8221; max_width_tablet=&#8221;&#8221; max_width_phone=&#8221;&#8221; max_width_last_edited=&#8221;on|phone&#8221; module_alignment=&#8221;left&#8221; custom_margin=&#8221;||7px|||&#8221; text_text_shadow_style=&#8221;preset1&#8243; locked=&#8221;off&#8221; inline_fonts=&#8221;Nunito&#8221;]<\/p>\n<h3 style=\"text-align: center;\"><span style=\"color: #1086dc;\"><strong><span color=\"#ffffff\" face=\"Nunito\" style=\"font-family: Nunito;\">buscamos Directora comercial retail\u00a0<\/span><\/strong><\/span><\/h3>\n<p>[\/et_pb_text][et_pb_text admin_label=&#8221;Tittle&#8221; _builder_version=&#8221;4.6.5&#8243; text_font=&#8221;Nunito||||||||&#8221; text_font_size=&#8221;18px&#8221; text_line_height=&#8221;1.8em&#8221; header_text_align=&#8221;center&#8221; header_3_font=&#8221;Oswald|||on|||||&#8221; header_3_font_size=&#8221;42px&#8221; header_3_letter_spacing=&#8221;2px&#8221; header_3_line_height=&#8221;1.5em&#8221; max_width=&#8221;600px&#8221; max_width_tablet=&#8221;&#8221; max_width_phone=&#8221;&#8221; max_width_last_edited=&#8221;on|phone&#8221; module_alignment=&#8221;left&#8221; custom_margin=&#8221;|||&#8221; hover_enabled=&#8221;0&#8243; locked=&#8221;off&#8221; inline_fonts=&#8221;Nunito&#8221; text_text_shadow_style=&#8221;preset4&#8243; text_text_shadow_vertical_length=&#8221;0.05em&#8221; sticky_enabled=&#8221;0&#8243;]<\/p>\n<h3 style=\"text-align: center;\"><\/h3>\n<p style=\"text-align: center;\">\u00a0<span style=\"color: #1086dc;\"><span style=\"font-size: 18px; font-family: Nunito;\"><b>Giro: <\/b><\/span><span style=\"font-size: 18px; font-family: Nunito;\"><b>Boutiques Juguetes Sexuales<\/b><\/span><\/span><\/p>\n<p class=\"p1\" style=\"text-align: center;\"><span style=\"font-family: Nunito; font-weight: normal; color: #1086dc;\"><b>Requisitos: Profesionista l\u00edder con experiencia indispensable de 5 a\u00f1os m\u00ednimo en Direcci\u00f3n o Gerencia Comercial en <\/b><\/span><\/p>\n<p class=\"p1\" style=\"text-align: center;\"><span style=\"color: #1086dc;\"><span style=\"font-family: Nunito; font-weight: normal;\"><b>Retail\u00a0<\/b><\/span><b style=\"font-size: 18px; font-family: Nunito;\">y Marketing.<\/b><\/span><\/p>\n<p class=\"p1\" style=\"text-align: center;\"><span style=\"font-family: Nunito; font-weight: normal; color: #1086dc;\"><b>Gesti\u00f3n de proyectos, Creaci\u00f3n y Desarrollo de Estrategias Comerciales para aumento de ventas en tiendas, con visi\u00f3n de expansi\u00f3n y crecimiento. <\/b><\/span><\/p>\n<p class=\"p1\" style=\"text-align: center;\"><span style=\"color: #1086dc;\"><span style=\"font-family: Nunito; font-weight: normal;\"><b>Desarrollo de Marketing para posicionamiento y crecimiento\u00a0\u00a0<\/b><\/span><span style=\"font-family: Nunito; font-weight: normal;\"><b>de la marca. <\/b><\/span><\/span><\/p>\n<p class=\"p1\" style=\"text-align: center;\"><span style=\"font-family: Nunito; font-weight: normal; color: #1086dc;\"><b>De cualquier parte del pa\u00eds que quiera residir en Guadalajara, Jalisco, con posibilidad para viajar. <\/b><\/span><\/p>\n<p class=\"p1\" style=\"text-align: center;\"><span style=\"font-family: Nunito; font-weight: normal; color: #1086dc;\"><b>Acostumbrada a trabajar por comisiones. <\/b><\/span><\/p>\n<p class=\"p1\" style=\"text-align: center;\"><span style=\"font-family: Nunito; font-weight: normal; color: #1086dc;\"><b>Ingl\u00e9s Fluido. <\/b><\/span><\/p>\n<p class=\"p1\" style=\"text-align: center;\"><span style=\"font-family: Nunito; font-weight: normal; color: #1086dc;\"><b>Ofrecemos:<\/b><\/span><\/p>\n<p class=\"p1\" style=\"text-align: center;\"><span style=\"font-family: Nunito; font-weight: normal; color: #1086dc;\"><b> &#8211; Atractivo sueldo base a negociar.<\/b><\/span><\/p>\n<p class=\"p1\" style=\"text-align: center;\"><span style=\"font-family: Nunito; font-weight: normal; color: #1086dc;\"><b>&#8211; Comisiones de ventas NO topadas. <\/b><\/span><\/p>\n<p class=\"p1\" style=\"text-align: center;\"><span style=\"font-family: Nunito; font-weight: normal; color: #1086dc;\"><b>&#8211; Prestaciones de ley.<\/b><\/span><\/p>\n<p class=\"p1\" style=\"text-align: center;\"><span style=\"font-family: Nunito; font-weight: normal; color: #1086dc;\"><b>&#8211; Estabilidad laboral.<\/b><\/span><\/p>\n<p><span style=\"color: #1086dc;\"><\/span><\/p>\n<p class=\"p1\" style=\"text-align: center;\"><span style=\"font-family: Nunito; font-weight: normal; color: #1086dc;\"><b>Interesados enviar CV al correo <a href=\"mailto:saraolivia@helu.com.mx\" style=\"color: #1086dc;\">saraolivia@helu.com.mx<\/a>\u00a0<\/b><\/span><\/p>\n<p class=\"p1\" style=\"text-align: center;\"><span style=\"font-family: Nunito; font-weight: normal; color: #1086dc;\"><b>o al whatsapp 33 1132 7903.<\/b><\/span><\/p>\n<p class=\"p1\"><span style=\"font-family: Nunito; font-weight: normal; color: #1086dc;\"><span><b><\/b><\/span><\/span><\/p>\n<p>&nbsp;<\/p>\n<p>&nbsp;<\/p>\n<p class=\"p1\"><span><\/span><\/p>\n<p>&nbsp;<\/p>\n<p>[\/et_pb_text][\/et_pb_column][\/et_pb_row][\/et_pb_section]<\/p>\n","protected":false},"excerpt":{"rendered":"<p>[et_pb_section fb_built=&#8221;1&#8243; admin_label=&#8221;Video Title Section&#8221; _builder_version=&#8221;4.6.5&#8243; background_color=&#8221;#ee8a1e&#8221; custom_margin=&#8221;||-1px|||&#8221; custom_padding=&#8221;3px|0px|0px|0px||&#8221; saved_tabs=&#8221;all&#8221;][et_pb_row admin_label=&#8221;Video Row&#8221; _builder_version=&#8221;3.25&#8243; custom_padding=&#8221;||0px|||&#8221;][et_pb_column type=&#8221;4_4&#8243; _builder_version=&#8221;3.25&#8243; custom_padding=&#8221;|||&#8221; custom_padding__hover=&#8221;|||&#8221;][et_pb_text admin_label=&#8221;Tittle&#8221; _builder_version=&#8221;3.27.4&#8243; header_2_font=&#8221;Oswald|||on|||||&#8221; header_2_text_align=&#8221;center&#8221; header_2_font_size=&#8221;40px&#8221; header_2_letter_spacing=&#8221;2px&#8221; header_2_line_height=&#8221;1.5em&#8221; background_layout=&#8221;dark&#8221; max_width=&#8221;600px&#8221; module_alignment=&#8221;center&#8221; inline_fonts=&#8221;Nunito&#8221;] Directora Comercial retail [\/et_pb_text][et_pb_text disabled_on=&#8221;off|off|off&#8221; admin_label=&#8221;texts&#8221; _builder_version=&#8221;3.27.4&#8243; text_font=&#8221;Nunito||||||||&#8221; text_text_color=&#8221;#ffffff&#8221; text_font_size=&#8221;18px&#8221; text_line_height=&#8221;1.8em&#8221; header_font=&#8221;Oswald||||&#8221; header_font_size=&#8221;16px&#8221; header_letter_spacing=&#8221;2px&#8221; header_line_height=&#8221;1.7em&#8221; text_orientation=&#8221;center&#8221; max_width=&#8221;600px&#8221; max_width_tablet=&#8221;&#8221; max_width_phone=&#8221;&#8221; max_width_last_edited=&#8221;on|phone&#8221; module_alignment=&#8221;center&#8221; custom_margin=&#8221;-30px|||&#8221;][\/et_pb_text][\/et_pb_column][\/et_pb_row][\/et_pb_section][et_pb_section fb_built=&#8221;1&#8243; admin_label=&#8221;Great Coffee&#8221; _builder_version=&#8221;4.6.5&#8243; [&hellip;]<\/p>\n","protected":false},"author":2,"featured_media":0,"parent":0,"menu_order":0,"comment_status":"closed","ping_status":"closed","template":"","meta":{"_et_pb_use_builder":"on","_et_pb_old_content":"<!-- wp:divi\/placeholder \/-->","_et_gb_content_width":"","_joinchat":[]},"_links":{"self":[{"href":"https:\/\/helu.com.mx\/index.php\/wp-json\/wp\/v2\/pages\/30"}],"collection":[{"href":"https:\/\/helu.com.mx\/index.php\/wp-json\/wp\/v2\/pages"}],"about":[{"href":"https:\/\/helu.com.mx\/index.php\/wp-json\/wp\/v2\/types\/page"}],"author":[{"embeddable":true,"href":"https:\/\/helu.com.mx\/index.php\/wp-json\/wp\/v2\/users\/2"}],"replies":[{"embeddable":true,"href":"https:\/\/helu.com.mx\/index.php\/wp-json\/wp\/v2\/comments?post=30"}],"version-history":[{"count":38,"href":"https:\/\/helu.com.mx\/index.php\/wp-json\/wp\/v2\/pages\/30\/revisions"}],"predecessor-version":[{"id":590,"href":"https:\/\/helu.com.mx\/index.php\/wp-json\/wp\/v2\/pages\/30\/revisions\/590"}],"wp:attachment":[{"href":"https:\/\/helu.com.mx\/index.php\/wp-json\/wp\/v2\/media?parent=30"}],"curies":[{"name":"wp","href":"https:\/\/api.w.org\/{rel}","templated":true}]}}